{"id":4802,"date":"2022-02-16T10:41:03","date_gmt":"2022-02-16T09:41:03","guid":{"rendered":"https:\/\/evaenergia.es\/?page_id=4802"},"modified":"2022-02-16T10:41:40","modified_gmt":"2022-02-16T09:41:40","slug":"preguntas-frecuentes","status":"publish","type":"page","link":"https:\/\/evaenergia.es\/en\/preguntas-frecuentes\/","title":{"rendered":"Preguntas Frecuentes"},"content":{"rendered":"<section data-bg-image=\"url\" class=\"vc_row wpb_row vc_row-fluid vc_custom_1637569428107 row-contains-padding-top liquid-row-shadowbox-69da852a9a416 vc_row-has-fill vc_row-has-bg\"><div class=\"ld-container container\"><div class=\"row ld-row\"><div class=\"wpb_column vc_column_container vc_col-sm-12 liquid-column-69da852a9a7d9\"><div class=\"vc_column-inner\"><div class=\"wpb_wrapper\"   ><div class=\"wpb_wrapper-inner\"><style>.ld_fancy_heading_69da852a9a928 h3{font-size:28px;color:rgb(54, 175, 103);}.ld_fancy_heading_69da852a9a928 .lqd-highlight-inner{height:0.275em;bottom:0px;}<\/style><div class=\"ld-fancy-heading ld_fancy_heading_69da852a9a928\">\n\t<h3 class=\"lqd-highlight-underline lqd-highlight-grow-left\" ><span class=\"ld-fh-txt\"> Preguntas m\u00e1s frecuentes<\/span><\/h3><\/div><\/div><\/div><\/div><\/div><\/div><\/div><\/section><style>@media (min-width: 1200px) { .liquid-row-responsive-69da852a9b485 {padding-bottom:100px !important;  }  }   <\/style><section data-bg-image=\"url\" class=\"vc_row wpb_row vc_row-fluid vc_custom_1637569419393 row-contains-padding-top row-contains-padding-bottom liquid-row-responsive-69da852a9b485 liquid-row-shadowbox-69da852a9b4a1 vc_row-has-fill vc_row-has-bg\"><div class=\"ld-container container\"><div class=\"row ld-row\"><div class=\"wpb_column vc_column_container vc_col-sm-12 liquid-column-69da852a9b6c8\"><div class=\"vc_column-inner\"><div class=\"wpb_wrapper\"   ><div class=\"wpb_wrapper-inner\"><div class=\"vc_tta-container\" data-vc-action=\"collapseAll\"><div class=\"vc_general vc_tta vc_tta-accordion vc_tta-color-black vc_tta-style-outline vc_tta-shape-rounded vc_tta-o-shape-group vc_tta-controls-align-left vc_tta-o-all-clickable\"><div class=\"vc_tta-panels-container\"><div class=\"vc_tta-panels\"><div class=\"vc_tta-panel\" id=\"1636992797230-2a515ef2-d5d7\" data-vc-content=\".vc_tta-panel-body\"><div class=\"vc_tta-panel-heading\"><h4 class=\"vc_tta-panel-title vc_tta-controls-icon-position-left\"><a href=\"#1636992797230-2a515ef2-d5d7\" data-vc-accordion data-vc-container=\".vc_tta-container\"><span class=\"vc_tta-title-text\">\u00bfC\u00f3mo puedo consultar mis facturas?<\/span><i class=\"vc_tta-controls-icon vc_tta-controls-icon-plus\"><\/i><\/a><\/h4><\/div><div class=\"vc_tta-panel-body\">\n\t<div class=\"wpb_text_column wpb_content_element\" >\n\t\t<div class=\"wpb_wrapper\">\n\t\t\t<p>Accediendo al \u00e1rea de cliente podr\u00e1 consultar sus facturas.<\/p>\n\n\t\t<\/div>\n\t<\/div>\n<\/div><\/div><\/div><\/div><\/div><\/div><\/div><\/div><\/div><\/div><\/div><\/div><\/section><section id=\"btnbanner\" data-parallax=\"true\" data-parallax-options='{\"parallaxBG\":true}' data-bg-image=\"url\" class=\"vc_row wpb_row vc_row-fluid vc_custom_1617041067903 row-contains-padding-top row-contains-padding-bottom liquid-row-shadowbox-69da852a9bc8e vc_row-has-fill vc_row-has-bg vc_row-o-content-middle vc_row-flex\"><div class=\"ld-container container\"><div class=\"row ld-row\"><div class=\"wpb_column vc_column_container vc_col-sm-12 liquid-column-69da852a9be99\"><div class=\"vc_column-inner\"><div class=\"wpb_wrapper\"   ><div class=\"wpb_wrapper-inner\"><h3 style=\"font-size: 40px;color: #ffffff;text-align: center\" class=\"vc_custom_heading\"  >\u00bfNo has encontrado lo que buscabas?<\/h3><p style=\"font-size: 18px;color: #ffffff;text-align: center\" class=\"vc_custom_heading\"  >\u00a1No te preocupes, podemos ayudarte por tel\u00e9fono, email o WhatsApp!<\/p><div class=\"vc_empty_space\"   style=\"height: 20px\"><span class=\"vc_empty_space_inner\"><\/span><\/div><style>.btnbanner.btn-icon-solid .btn-icon{background:rgb(255, 255, 255);}.btnbanner.btn-icon-circle.btn-icon-ripple .btn-icon:before{border-color:rgb(255, 255, 255);}.btnbanner{color:rgb(255, 255, 255);border-color:rgb(255, 255, 255);font-size:16px !important;font-weight:700 !important;letter-spacing:0.05em !important;}.btnbanner:hover{background-color:rgb(255, 255, 255);color:rgb(0, 0, 0);}<\/style><a href=\"https:\/\/evamovil.com\/contacto\/\" title=\"Contacto\" class=\"btn btn-default text-uppercase semi-round btn-bordered border-thin btnbanner\">\n\t<span>\n\t\t\n\t\t\t\t\t<span class=\"btn-txt\">Contacta con nosotros<\/span>\n\t\t\t\n\t\t\t\t<\/span>\n<\/a>\n<div class=\"vc_empty_space\"   style=\"height: 40px\"><span class=\"vc_empty_space_inner\"><\/span><\/div><p style=\"font-size: 18px;color: #ffffff;text-align: center\" class=\"vc_custom_heading vc_custom_1636982391741\"  >O si lo prefieres<\/p>\n\t<div class=\"wpb_text_column wpb_content_element\" >\n\t\t<div class=\"wpb_wrapper\">\n\t\t\t<p>TE LLAMAMOS GRATIS<\/p>\n\n\t\t<\/div>\n\t<\/div>\n<\/div><\/div><\/div><\/div><\/div><\/div><\/section>","protected":false},"excerpt":{"rendered":"Preguntas m\u00e1s frecuentes\u00bfC\u00f3mo puedo consultar mis facturas? Accediendo al \u00e1rea de cliente podr\u00e1 consultar sus...","protected":false},"author":2,"featured_media":0,"parent":0,"menu_order":0,"comment_status":"closed","ping_status":"closed","template":"","meta":[],"_links":{"self":[{"href":"https:\/\/evaenergia.es\/en\/wp-json\/wp\/v2\/pages\/4802"}],"collection":[{"href":"https:\/\/evaenergia.es\/en\/wp-json\/wp\/v2\/pages"}],"about":[{"href":"https:\/\/evaenergia.es\/en\/wp-json\/wp\/v2\/types\/page"}],"author":[{"embeddable":true,"href":"https:\/\/evaenergia.es\/en\/wp-json\/wp\/v2\/users\/2"}],"replies":[{"embeddable":true,"href":"https:\/\/evaenergia.es\/en\/wp-json\/wp\/v2\/comments?post=4802"}],"version-history":[{"count":2,"href":"https:\/\/evaenergia.es\/en\/wp-json\/wp\/v2\/pages\/4802\/revisions"}],"predecessor-version":[{"id":4804,"href":"https:\/\/evaenergia.es\/en\/wp-json\/wp\/v2\/pages\/4802\/revisions\/4804"}],"wp:attachment":[{"href":"https:\/\/evaenergia.es\/en\/wp-json\/wp\/v2\/media?parent=4802"}],"curies":[{"name":"wp","href":"https:\/\/api.w.org\/{rel}","templated":true}]}}